{"id":161,"date":"2019-07-26T09:47:08","date_gmt":"2019-07-26T09:47:08","guid":{"rendered":"http:\/\/ross-psychotherapie.de\/?page_id=161"},"modified":"2019-09-15T07:13:44","modified_gmt":"2019-09-15T07:13:44","slug":"impressum","status":"publish","type":"page","link":"https:\/\/ross-psychotherapie.de\/?page_id=161","title":{"rendered":"Impressum"},"content":{"rendered":"\n<p>Judith Ross<br>Kinder- und Jugendlichenpsychotherapeutin<br>Konrad-Adenauer-Allee 1<br>86150 Augsburg<\/p>\n\n\n\n<p>Telefon: 0821-24412652<br> E-Mail: <a href=\"mailto:info@ross-psychotherapie.de\">info@ross-psychotherapie.de<\/a><\/p>\n\n\n\n<p><\/p>\n\n\n\n<h2>Logodesign:<\/h2>\n\n\n\n<p>Logo: Freepik.com.  Das Logo wurde mit Ressourcen von Freepik.com erstellt. <br>Links:<br><a href=\"https:\/\/de.freepik.com\/fotos-vektoren-kostenlos\/menschen\">Menschen Foto erstellt von jcomp &#8211; de.freepik.com<\/a><br><a href=\"https:\/\/de.freepik.com\/fotos-vektoren-kostenlos\/hintergrund\">Hintergrund Vektor erstellt von freepik &#8211; de.freepik.com<\/a> <\/p>\n\n\n\n<p><\/p>\n\n\n\n<h2>Disclaimer \u2013 rechtliche Hinweise<\/h2>\n\n\n\n<p>\n\u00a7 1 Warnhinweis zu Inhalten<br>\nDie kostenlosen und frei zug\u00e4nglichen Inhalte dieser Webseite wurden mit\n gr\u00f6\u00dftm\u00f6glicher Sorgfalt erstellt. Der Anbieter dieser Webseite \n\u00fcbernimmt jedoch keine Gew\u00e4hr f\u00fcr die Richtigkeit und Aktualit\u00e4t der \nbereitgestellten kostenlosen und frei zug\u00e4nglichen journalistischen \nRatgeber und Nachrichten. Namentlich gekennzeichnete Beitr\u00e4ge geben die \nMeinung des jeweiligen Autors und nicht immer die Meinung des Anbieters \nwieder. Allein durch den Aufruf der kostenlosen und frei zug\u00e4nglichen \nInhalte kommt keinerlei Vertragsverh\u00e4ltnis zwischen dem Nutzer und dem \nAnbieter zustande, insoweit fehlt es am Rechtsbindungswillen des \nAnbieters.<br><br>\n\u00a7 2 Externe Links<br>\nDiese Website enth\u00e4lt Verkn\u00fcpfungen zu Websites Dritter (&#8222;externe \nLinks&#8220;). Diese Websites unterliegen der Haftung der jeweiligen \nBetreiber. Der Anbieter hat bei der erstmaligen Verkn\u00fcpfung der externen\n Links die fremden Inhalte daraufhin \u00fcberpr\u00fcft, ob etwaige \nRechtsverst\u00f6\u00dfe bestehen. Zu dem Zeitpunkt waren keine Rechtsverst\u00f6\u00dfe \nersichtlich. Der Anbieter hat keinerlei Einfluss auf die aktuelle und \nzuk\u00fcnftige Gestaltung und auf die Inhalte der verkn\u00fcpften Seiten. Das \nSetzen von externen Links bedeutet nicht, dass sich der Anbieter die \nhinter dem Verweis oder Link liegenden Inhalte zu Eigen macht. Eine \nst\u00e4ndige Kontrolle der externen Links ist f\u00fcr den Anbieter ohne konkrete\n Hinweise auf Rechtsverst\u00f6\u00dfe nicht zumutbar. Bei Kenntnis von \nRechtsverst\u00f6\u00dfen werden jedoch derartige externe Links unverz\u00fcglich \ngel\u00f6scht.<br><br>\n\u00a7 3 Urheber- und Leistungsschutzrechte<br>\nDie auf dieser Website ver\u00f6ffentlichten Inhalte unterliegen dem \ndeutschen Urheber- und Leistungsschutzrecht. Jede vom deutschen Urheber-\n und Leistungsschutzrecht nicht zugelassene Verwertung bedarf der \nvorherigen schriftlichen Zustimmung des Anbieters oder jeweiligen \nRechteinhabers. Dies gilt insbesondere f\u00fcr Vervielf\u00e4ltigung, \nBearbeitung, \u00dcbersetzung, Einspeicherung, Verarbeitung bzw. Wiedergabe \nvon Inhalten in Datenbanken oder anderen elektronischen Medien und \nSystemen. Inhalte und Rechte Dritter sind dabei als solche \ngekennzeichnet. Die unerlaubte Vervielf\u00e4ltigung oder Weitergabe \neinzelner Inhalte oder kompletter Seiten ist nicht gestattet und \nstrafbar. Lediglich die Herstellung von Kopien und Downloads f\u00fcr den \npers\u00f6nlichen, privaten und nicht kommerziellen Gebrauch ist erlaubt.<br><br>\nDie Darstellung dieser Website in fremden Frames ist nur mit schriftlicher Erlaubnis zul\u00e4ssig.<br><br>\n\u00a7 4 Besondere Nutzungsbedingungen<br>\nSoweit besondere Bedingungen f\u00fcr einzelne Nutzungen dieser Website von \nden vorgenannten Paragraphen abweichen, wird an entsprechender Stelle \nausdr\u00fccklich darauf hingewiesen. In diesem Falle gelten im jeweiligen \nEinzelfall die besonderen Nutzungsbedingungen.<\/p>\n\n\n\n<p>Quelle: <a href=\"https:\/\/www.juraforum.de\/impressum-generator\/\">Impressum Generator von JuraForum.de<\/a><\/p>\n","protected":false},"excerpt":{"rendered":"<p>Judith RossKinder- und JugendlichenpsychotherapeutinKonrad-Adenauer-Allee 186150 Augsburg Telefon: 0821-24412652 E-Mail: info@ross-psychotherapie.de Logodesign: Logo: Freepik.com. Das Logo wurde mit Ressourcen von Freepik.com erstellt. Links:Menschen Foto erstellt von jcomp &#8211; de.freepik.comHintergrund Vektor erstellt von freepik &#8211; de.freepik.com Disclaimer \u2013 rechtliche Hinweise \u00a7 1 Warnhinweis zu Inhalten Die kostenlosen und frei zug\u00e4nglichen Inhalte dieser Webseite wurden mit gr\u00f6\u00dftm\u00f6glicher Sorgfalt &hellip; <\/p>\n<p class=\"link-more\"><a href=\"https:\/\/ross-psychotherapie.de\/?page_id=161\" class=\"more-link\"><span class=\"screen-reader-text\">\u201eImpressum\u201c<\/span> weiterlesen<\/a><\/p>\n","protected":false},"author":1,"featured_media":0,"parent":0,"menu_order":0,"comment_status":"closed","ping_status":"closed","template":"","meta":[],"_links":{"self":[{"href":"https:\/\/ross-psychotherapie.de\/index.php?rest_route=\/wp\/v2\/pages\/161"}],"collection":[{"href":"https:\/\/ross-psychotherapie.de\/index.php?rest_route=\/wp\/v2\/pages"}],"about":[{"href":"https:\/\/ross-psychotherapie.de\/index.php?rest_route=\/wp\/v2\/types\/page"}],"author":[{"embeddable":true,"href":"https:\/\/ross-psychotherapie.de\/index.php?rest_route=\/wp\/v2\/users\/1"}],"replies":[{"embeddable":true,"href":"https:\/\/ross-psychotherapie.de\/index.php?rest_route=%2Fwp%2Fv2%2Fcomments&post=161"}],"version-history":[{"count":10,"href":"https:\/\/ross-psychotherapie.de\/index.php?rest_route=\/wp\/v2\/pages\/161\/revisions"}],"predecessor-version":[{"id":409,"href":"https:\/\/ross-psychotherapie.de\/index.php?rest_route=\/wp\/v2\/pages\/161\/revisions\/409"}],"wp:attachment":[{"href":"https:\/\/ross-psychotherapie.de\/index.php?rest_route=%2Fwp%2Fv2%2Fmedia&parent=161"}],"curies":[{"name":"wp","href":"https:\/\/api.w.org\/{rel}","templated":true}]}}