{"id":164,"date":"2019-07-26T09:54:16","date_gmt":"2019-07-26T09:54:16","guid":{"rendered":"http:\/\/ross-psychotherapie.de\/?page_id=164"},"modified":"2019-09-11T11:28:28","modified_gmt":"2019-09-11T11:28:28","slug":"hinweise-zum-datenschutz","status":"publish","type":"page","link":"https:\/\/ross-psychotherapie.de\/?page_id=164","title":{"rendered":"Datenschutz"},"content":{"rendered":"\n<p>Wir\n informieren Sie nachfolgend gem\u00e4\u00df den gesetzlichen Vorgaben des \nDatenschutzrechts (insb. gem\u00e4\u00df BDSG n.F. und der europ\u00e4ischen \nDatenschutz-Grundverordnung \u201aDS-GVO\u2018) \u00fcber die Art, den Umfang und Zweck\n der Verarbeitung personenbezogener Daten durch unser Unternehmen.&nbsp;Diese\n Datenschutzerkl\u00e4rung gilt auch f\u00fcr unsere Websites und \nSozial-Media-Profile. Bez\u00fcglich der Definition von Begriffen wie etwa \n\u201epersonenbezogene Daten\u201c oder \u201eVerarbeitung\u201c verweisen wir auf Art. 4 \nDS-GVO.<strong>Name und Kontaktdaten des \/ der Verantwortlichen<\/strong><br>\n\t\t\t\t\tUnser\/e Verantwortliche\/r (nachfolgend \u201eVerantwortlicher\u201c) i.S.d. Art. 4 Zif. 7 DS-GVO ist:<br><br>Judith Ross<br>Konrad-Adenauer-Allee 1<br>86150 Augsburg<br>E-Mail-Adresse: info@ross-psychotherapie.de<\/p>\n\n\n\n<p><strong>Datenarten, Zwecke der Verarbeitung und Kategorien betroffener Personen<\/strong><br><\/p>\n\n\n\n<p>Nachfolgend informieren wir Sie \u00fcber Art, Umfang und Zweck der Erhebung, Verarbeitung und Nutzung personenbezogener Daten.<strong>1. Arten der Daten, die wir verarbeiten<\/strong><\/p>\n\n\n\n<p><strong>2. Zwecke der Verarbeitung nach Art. 13 Abs. 1 c) DS-GVO<\/strong><\/p>\n\n\n\n<p><strong>3. Kategorien der betroffenen Personen nach Art. 13 Abs. 1 e) DS-GVO<\/strong><\/p>\n\n\n\n<p>Die betroffenen Personen werden zusammenfassend als \u201eNutzer\u201c bezeichnet.<br><strong>Rechtsgrundlagen der Verarbeitung personenbezogener Daten<\/strong><\/p>\n\n\n\n<p>Nachfolgend Informieren wir Sie \u00fcber die Rechtsgrundlagen der Verarbeitung personenbezogener Daten:<\/p>\n\n\n\n<ol><li>Wenn wir Ihre Einwilligung f\u00fcr die Verarbeitung \npersonenbezogenen Daten eingeholt haben, ist Art. 6 Abs. 1 S. 1 lit. a) \nDS-GVO Rechtsgrundlage.<\/li><li>Ist die Verarbeitung zur Erf\u00fcllung eines Vertrags oder \nzur Durchf\u00fchrung vorvertraglicher Ma\u00dfnahmen erforderlich, die auf Ihre \nAnfrage hin erfolgen, so ist Art. 6 Abs. 1 S. 1 lit. b) DS-GVO \nRechtsgrundlage.<\/li><li>Ist die Verarbeitung zur Erf\u00fcllung einer rechtlichen \nVerpflichtung erforderlich, der wir unterliegen (z.B. gesetzliche \nAufbewahrungspflichten), so ist Art. 6 Abs. 1 S. 1 lit. c) DS-GVO \nRechtsgrundlage.<\/li><li>Ist die Verarbeitung erforderlich, um lebenswichtige \nInteressen der betroffenen Person oder einer anderen nat\u00fcrlichen Person \nzu sch\u00fctzen, so ist Art. 6 Abs. 1 S. 1 lit. d) DS-GVO Rechtsgrundlage.<\/li><li>Ist die Verarbeitung zur Wahrung unserer oder der \nberechtigten Interessen eines Dritten erforderlich und \u00fcberwiegen \ndiesbez\u00fcglich Ihre Interessen oder Grundrechte und Grundfreiheiten \nnicht, so ist Art. 6 Abs. 1 S. 1 lit. f) DS-GVO Rechtsgrundlage.<\/li><\/ol>\n\n\n\n<p><strong>Weitergabe personenbezogener Daten an Dritte und Auftragsverarbeiter<\/strong><\/p>\n\n\n\n<p>Ohne Ihre Einwilligung geben wir grunds\u00e4tzlich keine Daten an\n Dritte weiter. Sollte dies doch der Fall sein, dann erfolgt die \nWeitergabe auf der Grundlage der zuvor genannten Rechtsgrundlagen z.B. \nbei der Weitergabe von Daten an Online-Paymentanbieter zur \nVertragserf\u00fcllung oder aufgrund gerichtlicher Anordnung oder wegen einer\n gesetzlichen Verpflichtung zur Herausgabe der Daten zum Zwecke der \nStrafverfolgung, zur Gefahrenabwehr oder zur Durchsetzung der Rechte am \ngeistigen Eigentum.<br>\n            Wir setzen zudem Auftragsverarbeiter (externe Dienstleister \nz.B. zum Webhosting unserer Websites und Datenbanken) zur Verarbeitung \nIhrer Daten ein. Wenn im Rahmen einer Vereinbarung zur \nAuftragsverarbeitung an die Auftragsverarbeiter Daten weitergegeben \nwerden, erfolgt dies immer nach Art. 28 DS-GVO. Wir w\u00e4hlen dabei unsere \nAuftragsverarbeiter sorgf\u00e4ltig aus, kontrollieren diese regelm\u00e4\u00dfig und \nhaben uns ein Weisungsrecht hinsichtlich der Daten einr\u00e4umen lassen. \nZudem m\u00fcssen die Auftragsverarbeiter geeignete technische und \norganisatorische Ma\u00dfnahmen getroffen haben und die \nDatenschutzvorschriften gem. BDSG n.F. und DS-GVO einhalten<br><strong>Daten\u00fcbermittlung in Drittstaaten<\/strong><\/p>\n\n\n\n<p>Durch die Verabschiedung der europ\u00e4ischen \nDatenschutz-Grundverordnung (DS-GVO) wurde eine einheitliche Grundlage \nf\u00fcr den Datenschutz in Europa geschaffen. Ihre Daten werden daher \nvorwiegend durch Unternehmen verarbeitet, f\u00fcr die DS-GVO Anwendung \nfindet. Sollte doch die Verarbeitung durch Dienste Dritter au\u00dferhalb der\n Europ\u00e4ischen Union oder des Europ\u00e4ischen Wirtschaftsraums stattfinden, \nso m\u00fcssen diese die besonderen Voraussetzungen der Art. 44 ff. DS-GVO \nerf\u00fcllen. Das bedeutet, die Verarbeitung erfolgt aufgrund besonderer \nGarantien, wie etwa die von der EU-Kommission offiziell anerkannte \nFeststellung eines der EU entsprechenden Datenschutzniveaus oder der \nBeachtung offiziell anerkannter spezieller vertraglicher \nVerpflichtungen, der so genannten \u201eStandardvertragsklauseln\u201c. Bei \nUS-Unternehmen erf\u00fcllt die Unterwerfung unter das sog. \u201ePrivacy-Shield\u201c,\n dem Datenschutzabkommen zwischen der EU und den USA, diese \nVoraussetzungen.<br><strong>L\u00f6schung von Daten und Speicherdauer<\/strong><\/p>\n\n\n\n<p>Sofern nicht in dieser Datenschutzerkl\u00e4rung ausdr\u00fccklich \nangegeben, werden Ihre personenbezogen Daten gel\u00f6scht oder gesperrt, \nsobald der Zweck f\u00fcr die Speicherung entf\u00e4llt, es sei denn deren weitere\n Aufbewahrung ist zu Beweiszwecken erforderlich oder dem stehen \ngesetzliche Aufbewahrungspflichten entgegenstehen. Darunter fallen etwa \nhandelsrechtliche Aufbewahrungspflichten von Gesch\u00e4ftsbriefen nach \u00a7 257\n Abs. 1 HGB (6 Jahre) sowie steuerrechtliche Aufbewahrungspflichten nach\n \u00a7 147 Abs. 1 AO von Belegen (10 Jahre). Wenn die vorgeschriebene \nAufbewahrungsfrist abl\u00e4uft, erfolgt eine Sperrung oder L\u00f6schung Ihrer \nDaten, es sei denn die Speicherung ist weiterhin f\u00fcr einen \nVertragsabschluss oder zur Vertragserf\u00fcllung erforderlich.<br><strong>Bestehen einer automatisierten Entscheidungsfindung<\/strong><\/p>\n\n\n\n<p>Wir setzen keine automatische Entscheidungsfindung oder ein Profiling ein.<br><strong>Bereitstellung unserer Website und Erstellung von Logfiles<\/strong><\/p>\n\n\n\n<ol><li>Wenn Sie unsere Webseite lediglich informatorisch \nnutzen (also keine Registrierung und auch keine anderweitige \n\u00dcbermittlung von Informationen), erheben wir nur die personenbezogenen \nDaten, die Ihr Browser an unseren Server \u00fcbermittelt. Wenn Sie unsere \nWebsite betrachten m\u00f6chten, erheben wir die folgenden Daten:\n            \u2022 IP-Adresse;<br>\n            \u2022 Internet-Service-Provider des Nutzers;<br>\n            \u2022 Datum und Uhrzeit des Abrufs;<br>\n            \u2022 Browsertyp;<br>\n            \u2022 Sprache und Browser-Version;<br>\n            \u2022 Inhalt des Abrufs;<br>\n            \u2022 Zeitzone;<br>\n            \u2022 Zugriffsstatus\/HTTP-Statuscode;<br>\n            \u2022 Datenmenge;<br>\n            \u2022 Websites, von denen die Anforderung kommt;<br>\n            \u2022 Betriebssystem.<br>\n            Eine Speicherung dieser Daten zusammen mit anderen personenbezogenen Daten von Ihnen findet nicht statt.<br><br>\n             <\/li><li>Diese Daten dienen dem Zweck der nutzerfreundlichen, \nfunktionsf\u00e4higen und sicheren Auslieferung unserer Website an Sie mit \nFunktionen und Inhalten sowie deren Optimierung und statistischen \nAuswertung.<br><br><\/li><li>Rechtsgrundlage hierf\u00fcr ist unser in den obigen Zwecken \nauch liegendes berechtigtes Interesse an der Datenverarbeitung nach Art.\n 6 Abs. 1 S.1 lit. f)  DS-GVO.<br><br><\/li><li>Wir speichern aus Sicherheitsgr\u00fcnden diese Daten in \nServer-Logfiles f\u00fcr die Speicherdauer von  Tagen. Nach Ablauf dieser \nFrist werden diese automatisch gel\u00f6scht, es sei denn wir ben\u00f6tigen deren\n Aufbewahrung zu Beweiszwecken bei Angriffen auf die Serverinfrastruktur\n oder anderen Rechtsverletzungen.<br>\n        <\/li><\/ol>\n\n\n\n<p><strong>Cookies<\/strong><\/p>\n\n\n\n<ol><li>Wir verwenden sog. Cookies bei Ihrem Besuch unserer Website. \nCookies sind kleine Textdateien, die Ihr Internet-Browser auf Ihrem \nRechner ablegt und speichert. Wenn Sie unsere Website erneut aufrufen, \ngeben diese Cookies Informationen ab, um Sie automatisch \nwiederzuerkennen. Die so erlangten Informationen dienen dem Zweck, \nunsere Webangebote technisch und wirtschaftlich zu optimieren und Ihnen \neinen leichteren und sicheren Zugang auf unsere Website zu erm\u00f6glichen. \nWir informieren Sie dazu beim Aufruf unserer Website mittels eines \nHinweises auf unsere Datenschutzerkl\u00e4rung \u00fcber die Verwendung von \nCookies zu den zuvor genannten Zwecken und wie Sie dieser widersprechen \nbzw. deren Speicherung verhindern k\u00f6nnen (\u201eOpt-out\u201c). Unsere Website \nnutzt Session-Cookies, persistente Cookies und Cookies von \nDrittanbietern:<br><br>\n\t\t\t\t\t<strong>\u2022 Session-Cookies:<\/strong> Wir verwenden sog. Cookies zum \nWiedererkennen mehrfacher Nutzung eines Angebots durch denselben Nutzer \n(z.B. wenn Sie sich eingeloggt haben zur Feststellung Ihres \nLogin-Status). Wenn Sie unsere Seite erneut aufrufen, geben diese \nCookies Informationen ab, um Sie automatisch wiederzuerkennen. Die so \nerlangten Informationen dienen dazu, unsere Angebote zu optimieren und \nIhnen einen leichteren Zugang auf unsere Seite zu erm\u00f6glichen. Wenn Sie \nden Browser schlie\u00dfen oder Sie sich ausloggen, werden die \nSession-Cookies gel\u00f6scht.<br><br>\n\t\t\t\t\t<strong>\u2022 Persistente Cookies:<\/strong> Diese werden automatisiert \nnach einer vorgegebenen Dauer gel\u00f6scht, die sich je nach Cookie \nunterscheiden kann. In den Sicherheitseinstellungen Ihres Browsers \nk\u00f6nnen Sie die Cookies jederzeit l\u00f6schen.<br><br>\n\t\t\t\t\t<strong>\u2022 Cookies von Drittanbietern (Third-Party-Cookies):<\/strong>\n Entsprechend Ihren W\u00fcnschen k\u00f6nnen Sie k\u00f6nnen Ihre Browser-Einstellung \nkonfigurieren und z. B. Die Annahme von Third-Party-Cookies oder allen \nCookies ablehnen. Wir weisen Sie jedoch an dieser Stelle darauf hin, \ndass Sie dann eventuell nicht alle Funktionen dieser Website nutzen \nk\u00f6nnen. Lesen Sie N\u00e4heres zu diesen Cookies bei den jeweiligen \nDatenschutzerkl\u00e4rungen zu den Drittanbietern.<br><br>\n\t\t\t\t<\/li><li>Rechtsgrundlage dieser Verarbeitung ist Art. 6 Abs. 1 S. lit. b)\n DS-GVO, wenn die Cookies zur Vertragsanbahnung z.B. bei Bestellungen \ngesetzt werden und ansonsten haben wir ein berechtigtes Interesse an der\n effektiven Funktionalit\u00e4t der Website, so dass in dem Falle Art. 6 Abs.\n 1 S. 1 lit. f) DS-GVO Rechtsgrundlage ist.<br><br><\/li><li><strong>Widerspruch und \u201eOpt-Out\u201c:<\/strong>      Das Speichern \nvon Cookies auf Ihrer Festplatte k\u00f6nnen Sie allgemein verhindern, indem \nSie in Ihren Browser-Einstellungen \u201ekeine Cookies akzeptieren\u201c w\u00e4hlen. \nDies kann aber eine Funktionseinschr\u00e4nkung unserer Angebote zur Folge \nhaben. Sie k\u00f6nnen dem Einsatz von Cookies von Drittanbietern zu \nWerbezwecken \u00fcber ein sog. \u201eOpt-out\u201c \u00fcber diese amerikanische Website&nbsp;(<a href=\"https:\/\/optout.aboutads.info\" rel=\"noreferrer noopener\" target=\"_blank\">https:\/\/optout.aboutads.info<\/a>)&nbsp;oder diese europ\u00e4ische Website&nbsp;(<a href=\"http:\/\/www.youronlinechoices.com\/de\/praferenzmanagement\/\" rel=\"noreferrer noopener\" target=\"_blank\">http:\/\/www.youronlinechoices.com\/de\/praferenzmanagement\/<\/a>) widersprechen.<\/li><\/ol>\n\n\n\n<p><strong>Kontaktaufnahme per Kontaktformular \/ E-Mail \/ Fax \/ Post<\/strong><\/p>\n\n\n\n<ol><li>Bei der Kontaktaufnahme mit uns per Kontaktformular, Fax, Post \noder E-Mail werden Ihre Angaben zum Zwecke der Abwicklung der \nKontaktanfrage verarbeitet.<br><br><\/li><li>Rechtsgrundlage f\u00fcr die Verarbeitung der Daten ist bei Vorliegen\n einer Einwilligung von Ihnen Art.&nbsp;6 Abs.&nbsp;1 S. 1 lit.&nbsp;a) DS-GVO. \nRechtsgrundlage f\u00fcr die Verarbeitung der Daten, die im Zuge einer \nKontaktanfrage oder E-Mail, eines Briefes oder Faxes \u00fcbermittelt werden,\n ist Art.&nbsp;6 Abs.&nbsp;1 S. 1 lit.&nbsp;f) DS-GVO. Der Verantwortliche hat ein \nberechtigtes Interesse an der Verarbeitung und Speicherung der Daten, um\n Anfragen der Nutzer beantworten zu k\u00f6nnen, zur Beweissicherung aus \nHaftungsgr\u00fcnden und um ggf. seiner gesetzlichen Aufbewahrungspflichten \nbei Gesch\u00e4ftsbriefen nachkommen zu k\u00f6nnen. Zielt der Kontakt auf den \nAbschluss eines Vertrages ab, so ist zus\u00e4tzliche Rechtsgrundlage f\u00fcr die\n Verarbeitung Art.&nbsp;6 Abs.&nbsp;1 S. 1 lit.&nbsp;b) DS-GVO.<br><br><\/li><li>Wir k\u00f6nnen Ihre Angaben und Kontaktanfrage in unserem \nCustomer-Relationship-Management System (&#8222;CRM System&#8220;) oder einem \nvergleichbaren System speichern.<br><br><\/li><li>Die Daten werden gel\u00f6scht, sobald sie f\u00fcr die Erreichung des \nZweckes ihrer Erhebung nicht mehr erforderlich sind. F\u00fcr die \npersonenbezogenen Daten aus der Eingabemaske des Kontaktformulars und \ndiejenigen, die per E-Mail \u00fcbersandt wurden, ist dies dann der Fall, \nwenn die jeweilige Konversation mit Ihnen beendet ist. Beendet ist die \nKonversation dann, wenn sich aus den Umst\u00e4nden entnehmen l\u00e4sst, dass der\n betroffene Sachverhalt abschlie\u00dfend gekl\u00e4rt ist. Anfragen von Nutzern, \ndie \u00fcber einen Account bzw. Vertrag mit uns verf\u00fcgen, speichern wir bis \nzum Ablauf von zwei Jahren nach Vertragsbeendigung. Im Fall von \ngesetzlichen Archivierungspflichten erfolgt die L\u00f6schung nach deren \nAblauf: Ende handelsrechtlicher (6 Jahre) und steuerrechtlicher (10 \nJahre) Aufbewahrungspflicht.<br><br><\/li><li>Sie haben jederzeit die M\u00f6glichkeit, die Einwilligung nach Art. 6\n Abs. 1 S. 1 lit. a) DS-GVO zur Verarbeitung der personenbezogenen Daten\n zu widerrufen. Nehmen Sie per E-Mail Kontakt mit uns auf, so k\u00f6nnen Sie\n der Speicherung der personenbezogenen Daten jederzeit widersprechen.<br><br><\/li><\/ol>\n\n\n\n<p><strong>Kontaktaufnahme per Telefon<\/strong><\/p>\n\n\n\n<ol><li>Bei der Kontaktaufnahme mit uns per Telefon wird Ihre \nTelefonnummer zur Bearbeitung der Kontaktanfrage und deren Abwicklung \nverarbeitet und tempor\u00e4r im RAM \/ Cache des Telefonger\u00e4tes \/ Displays \ngespeichert bzw. angezeigt. Die Speicherung erfolgt aus Haftungs- und \nSicherheitsgr\u00fcnden, um den Beweis des Anrufs f\u00fchren zu k\u00f6nnen sowie aus \nwirtschaftlichen Gr\u00fcnden, um einen R\u00fcckruf zu erm\u00f6glichen. Im Falle von \nunberechtigten Werbeanrufen, sperren wir die Rufnummern.<br><br><\/li><li>Rechtsgrundlage f\u00fcr die Verarbeitung der Telefonnummer ist \nArt.&nbsp;6 Abs.&nbsp;1 S. 1 lit.&nbsp;f) DS-GVO. Zielt der Kontakt auf den Abschluss \neines Vertrages ab, so ist zus\u00e4tzliche Rechtsgrundlage f\u00fcr die \nVerarbeitung Art.&nbsp;6 Abs.&nbsp;1 lit.&nbsp;b) DS-GVO.<br><br><\/li><li>Der Ger\u00e4tecache speichert die Anrufe  Tage und \u00fcberschreibt bzw.\n l\u00f6scht sukzessiv alte Daten, bei Entsorgung des Ger\u00e4tes werden alle \nDaten gel\u00f6scht und der Speicher ggf. zerst\u00f6rt. Gesperrte Telefonnummer \nwerden j\u00e4hrlich auf die Notwendigkeit der Sperrung gepr\u00fcft.<br><br><\/li><li>Sie k\u00f6nnen die Anzeige der Telefonnummer verhindern, indem Sie mit unterdr\u00fcckter Telefonnummer anrufen.<br><br><\/li><\/ol>\n\n\n\n<p><strong>Rechte der betroffenen Person<\/strong><\/p>\n\n\n\n<ol><li><strong>Widerspruch oder Widerruf gegen die Verarbeitung Ihrer Daten<br><br>\n                Soweit die Verarbeitung auf Ihrer Einwilligung gem\u00e4\u00df \nArt. 6 Abs. 1 S. 1 lit. a), Art. 7 DS-GVO beruht, haben Sie das Recht, \ndie Einwilligung jederzeit zu widerrufen. Die Rechtm\u00e4\u00dfigkeit der \naufgrund der Einwilligung bis zum Widerruf erfolgten Verarbeitung wird \ndadurch nicht ber\u00fchrt.<br><br>\n                Soweit wir die Verarbeitung Ihrer personenbezogenen \nDaten auf die Interessenabw\u00e4gung gem\u00e4\u00df Art. 6 Abs. 1 S. 1 lit. f) DS-GVO\n st\u00fctzen, k\u00f6nnen Sie Widerspruch gegen die Verarbeitung einlegen. Dies \nist der Fall, wenn die Verarbeitung insbesondere nicht zur Erf\u00fcllung \neines Vertrags mit Ihnen erforderlich ist, was von uns jeweils bei der \nnachfolgenden Beschreibung der Funktionen dargestellt wird. Bei Aus\u00fcbung\n eines solchen Widerspruchs bitten wir um Darlegung der Gr\u00fcnde, weshalb \nwir Ihre personenbezogenen Daten nicht wie von uns durchgef\u00fchrt \nverarbeiten sollten. Im Falle Ihres begr\u00fcndeten Widerspruchs pr\u00fcfen wir \ndie Sachlage und werden entweder die Datenverarbeitung einstellen bzw. \nanpassen oder Ihnen unsere zwingenden schutzw\u00fcrdigen Gr\u00fcnde aufzeigen, \naufgrund derer wir die Verarbeitung fortf\u00fchren.<br><br>\n                Sie k\u00f6nnen der Verarbeitung Ihrer personenbezogenen \nDaten f\u00fcr Zwecke der Werbung und Datenanalyse jederzeit widersprechen. \nDas Widerspruchsrecht k\u00f6nnen Sie kostenfrei aus\u00fcben. \u00dcber Ihren \nWerbewiderspruch k\u00f6nnen Sie uns unter folgenden Kontaktdaten \ninformieren:<br><br>Judith Ross<br>Konrad-Adenauer-Allee 1<br>86150 Augsburg<br>E-Mail-Adresse: info@ross-psychotherapie.de<br><\/strong>\n                \t<br><\/li><li><strong>Recht auf Auskunft<\/strong><br>\n\t\t\t\t\t\tSie haben das Recht, von uns eine Best\u00e4tigung dar\u00fcber zu \nverlangen, ob Sie betreffende personenbezogene Daten verarbeitet werden.\n Sofern dies der Fall ist, haben Sie ein Recht auf Auskunft \u00fcber Ihre \nbei uns gespeicherten pers\u00f6nlichen Daten nach Art. 15 DS-GVO. Dies \nbeinhaltet insbesondere die Auskunft \u00fcber die Verarbeitungszwecke, die \nKategorie der personenbezogenen Daten, die Kategorien von Empf\u00e4ngern, \ngegen\u00fcber denen Ihre Daten offengelegt wurden oder werden, die geplante \nSpeicherdauer, die Herkunft ihrer Daten, sofern diese nicht direkt bei \nIhnen erhoben wurden.<br><br><\/li><li><strong>Recht auf Berichtigung<\/strong><br>\n\t\t\t\t\t\tSie haben ein Recht auf Berichtigung unrichtiger oder auf Vervollst\u00e4ndigung richtiger Daten nach Art. 16 DS-GVO.\n\t\t\t\t\t\t<br><br>\n\t\t\t\t\t<\/li><li><strong>Recht auf L\u00f6schung<\/strong><br>\n\t\t\t\t\t\tSie haben ein Recht auf L\u00f6schung Ihrer bei uns gespeicherten Daten\n nach Art. 17 DS-GVO, es sei denn gesetzliche oder vertraglichen \nAufbewahrungsfristen oder andere gesetzliche Pflichten bzw. Rechte zur \nweiteren Speicherung stehen dieser entgegen.\n\t\t\t\t\t\t<br><br>\n\t\t\t\t\t<\/li><li><strong>Recht auf Einschr\u00e4nkung<\/strong><br>\n\t\t\t\t\t\tSie haben das Recht, eine Einschr\u00e4nkung bei der Verarbeitung Ihrer\n personenbezogenen Daten zu verlangen, wenn eine der Voraussetzungen in \nArt. 18 Abs. 1 lit. a) bis d) DS-GVO erf\u00fcllt ist:<br>\n\t\t\t\t\t\t\u2022 Wenn Sie die Richtigkeit der Sie betreffenden personenbezogenen \nf\u00fcr eine Dauer bestreiten, die es dem Verantwortlichen erm\u00f6glicht, die \nRichtigkeit der personenbezogenen Daten zu \u00fcberpr\u00fcfen;<br><br>\n\t\t\t\t\t\t\u2022 die Verarbeitung unrechtm\u00e4\u00dfig ist und Sie die L\u00f6schung der \npersonenbezogenen Daten ablehnen und stattdessen die Einschr\u00e4nkung der \nNutzung der personenbezogenen Daten verlangen;<br><br>\n\t\t\t\t\t\t\u2022 der Verantwortliche die personenbezogenen Daten f\u00fcr die Zwecke \nder Verarbeitung nicht l\u00e4nger ben\u00f6tigt, Sie diese jedoch zur \nGeltendmachung, Aus\u00fcbung oder Verteidigung von Rechtsanspr\u00fcchen \nben\u00f6tigen, oder<br><br>\n\t\t\t\t\t\t\u2022 wenn Sie Widerspruch gegen die Verarbeitung gem\u00e4\u00df Art. 21 Abs. 1\n DS-GVO eingelegt haben und noch nicht feststeht, ob die berechtigten \nGr\u00fcnde des Verantwortlichen gegen\u00fcber Ihren Gr\u00fcnden \u00fcberwiegen.<br><br>\n\t\t\t\t\t<\/li><li><strong>Recht auf Daten\u00fcbertragbarkeit<\/strong><br>\n\t\t\t\t\t\tSie haben ein Recht auf Daten\u00fcbertragbarkeit nach Art. 20 DS-GVO, \nwas bedeutet, dass Sie die bei uns \u00fcber Sie gespeicherten \npersonenbezogenen Daten in einem strukturierten, g\u00e4ngigen und \nmaschinenlesbaren Format erhalten k\u00f6nnen oder die \u00dcbermittlung an einen \nanderen Verantwortlichen verlangen k\u00f6nnen.\n\t\t\t\t\t\t<br><br>\n\t\t\t\t\t<\/li><li><strong>Recht auf Beschwerde<\/strong><br>\n\t\t\t\t\t\tSie haben ein Recht auf Beschwerde bei einer Aufsichtsbeh\u00f6rde. In \nder Regel k\u00f6nnen Sie sich hierf\u00fcr an die Aufsichtsbeh\u00f6rde insbesondere \nin dem Mitgliedstaat ihres Aufenthaltsorts, ihres Arbeitsplatzes oder \ndes Orts des mutma\u00dflichen Versto\u00dfes wenden.\n\t\t\t\t\t\t<br><br>\n\t\t\t\t\t<\/li><\/ol>\n\n\n\n<p><strong>Datensicherheit<\/strong><\/p>\n\n\n\n<p>Um alle personenbezogen Daten, die an uns \u00fcbermittelt werden, zu\n sch\u00fctzen und um sicherzustellen, dass die Datenschutzvorschriften von \nuns, aber auch unseren externen Dienstleistern eingehalten werden, haben\n wir geeignete technische und organisatorische Sicherheitsma\u00dfnahmen \ngetroffen. Deshalb werden unter anderem alle Daten zwischen Ihrem \nBrowser und unserem Server \u00fcber eine sichere SSL-Verbindung \nverschl\u00fcsselt \u00fcbertragen.<br><br><strong>Stand: 26.07.2019<\/strong><\/p>\n\n\n\n<p>Quelle: <a href=\"https:\/\/www.juraforum.de\/datenschutzerklaerung-muster\/\">Datenschutzerkl\u00e4rung Muster von JuraForum.de<\/a><\/p>\n\n\n<p><\/p>","protected":false},"excerpt":{"rendered":"<p>Wir informieren Sie nachfolgend gem\u00e4\u00df den gesetzlichen Vorgaben des Datenschutzrechts (insb. gem\u00e4\u00df BDSG n.F. und der europ\u00e4ischen Datenschutz-Grundverordnung \u201aDS-GVO\u2018) \u00fcber die Art, den Umfang und Zweck der Verarbeitung personenbezogener Daten durch unser Unternehmen.&nbsp;Diese Datenschutzerkl\u00e4rung gilt auch f\u00fcr unsere Websites und Sozial-Media-Profile. Bez\u00fcglich der Definition von Begriffen wie etwa \u201epersonenbezogene Daten\u201c oder \u201eVerarbeitung\u201c verweisen wir auf &hellip; <\/p>\n<p class=\"link-more\"><a href=\"https:\/\/ross-psychotherapie.de\/?page_id=164\" class=\"more-link\"><span class=\"screen-reader-text\">\u201eDatenschutz\u201c<\/span> weiterlesen<\/a><\/p>\n","protected":false},"author":1,"featured_media":0,"parent":0,"menu_order":0,"comment_status":"closed","ping_status":"closed","template":"","meta":[],"_links":{"self":[{"href":"https:\/\/ross-psychotherapie.de\/index.php?rest_route=\/wp\/v2\/pages\/164"}],"collection":[{"href":"https:\/\/ross-psychotherapie.de\/index.php?rest_route=\/wp\/v2\/pages"}],"about":[{"href":"https:\/\/ross-psychotherapie.de\/index.php?rest_route=\/wp\/v2\/types\/page"}],"author":[{"embeddable":true,"href":"https:\/\/ross-psychotherapie.de\/index.php?rest_route=\/wp\/v2\/users\/1"}],"replies":[{"embeddable":true,"href":"https:\/\/ross-psychotherapie.de\/index.php?rest_route=%2Fwp%2Fv2%2Fcomments&post=164"}],"version-history":[{"count":5,"href":"https:\/\/ross-psychotherapie.de\/index.php?rest_route=\/wp\/v2\/pages\/164\/revisions"}],"predecessor-version":[{"id":393,"href":"https:\/\/ross-psychotherapie.de\/index.php?rest_route=\/wp\/v2\/pages\/164\/revisions\/393"}],"wp:attachment":[{"href":"https:\/\/ross-psychotherapie.de\/index.php?rest_route=%2Fwp%2Fv2%2Fmedia&parent=164"}],"curies":[{"name":"wp","href":"https:\/\/api.w.org\/{rel}","templated":true}]}}