{"id":93,"date":"2019-07-21T20:18:30","date_gmt":"2019-07-21T20:18:30","guid":{"rendered":"http:\/\/ross-psychotherapie.de\/?page_id=93"},"modified":"2019-09-11T11:28:43","modified_gmt":"2019-09-11T11:28:43","slug":"die-praxis","status":"publish","type":"page","link":"https:\/\/ross-psychotherapie.de\/?page_id=93","title":{"rendered":"Die Praxis"},"content":{"rendered":"\n<p>Die Therapien finden in der Praxis am Augsburger K\u00f6nigsplatz \u00fcber der Ihle B\u00e4ckerei statt und ist gut \u00fcber die \u00f6ffentlichen Verkehrsmittel zu erreichen. <\/p>\n\n\n\n<p>Die freundlichen Therapier\u00e4ume schaffen eine angenehme Atmosph\u00e4re und sind eine gute Grundlage f\u00fcr das Gelingen der Psychotherapie.<\/p>\n\n\n\n<ul class=\"is-layout-flex wp-block-gallery-1 wp-block-gallery columns-2 is-cropped\"><li class=\"blocks-gallery-item\"><figure><a href=\"http:\/\/ross-psychotherapie.de\/?attachment_id=211\"><img decoding=\"async\" loading=\"lazy\" width=\"640\" height=\"480\" src=\"http:\/\/ross-psychotherapie.de\/wp-content\/uploads\/2019\/07\/IMG_1294.jpg\" alt=\"\" data-id=\"211\" data-link=\"http:\/\/ross-psychotherapie.de\/?attachment_id=211\" class=\"wp-image-211\" srcset=\"https:\/\/ross-psychotherapie.de\/wp-content\/uploads\/2019\/07\/IMG_1294.jpg 640w, https:\/\/ross-psychotherapie.de\/wp-content\/uploads\/2019\/07\/IMG_1294-300x225.jpg 300w\" sizes=\"(max-width: 640px) 100vw, 640px\" \/><\/a><\/figure><\/li><li class=\"blocks-gallery-item\"><figure><a href=\"http:\/\/ross-psychotherapie.de\/?attachment_id=216\"><img decoding=\"async\" loading=\"lazy\" width=\"640\" height=\"480\" src=\"http:\/\/ross-psychotherapie.de\/wp-content\/uploads\/2019\/07\/IMG_1299-1.jpg\" alt=\"\" data-id=\"216\" data-link=\"http:\/\/ross-psychotherapie.de\/?attachment_id=216\" class=\"wp-image-216\" srcset=\"https:\/\/ross-psychotherapie.de\/wp-content\/uploads\/2019\/07\/IMG_1299-1.jpg 640w, https:\/\/ross-psychotherapie.de\/wp-content\/uploads\/2019\/07\/IMG_1299-1-300x225.jpg 300w\" sizes=\"(max-width: 640px) 100vw, 640px\" \/><\/a><\/figure><\/li><\/ul>\n\n\n\n<p><\/p>\n\n\n\n<h3>Praxishund Ricky<\/h3>\n\n\n\n<p>In Absprache mit den Patienten bringe ich meinen Hund Ricky mit in die Praxis.  Er freut sich immer \u00fcber Streicheleinheiten, bringt einen zum Lachen oder spendet Trost.    <\/p>\n\n\n\n<p>Weil Ricky sich so freut und aufgeregt ist, wenn jemand in die Praxis kommt, begr\u00fc\u00dft er alle mit lautem freudigen Bellen &#8211; nicht erschrecken, er ist ganz lieb!   <\/p>\n\n\n\n<p>Selbstverst\u00e4ndlich wird Ricky regelm\u00e4\u00dfig geimpft und entwurmt, au\u00dferdem bekommt er etwas gegen Zecken, Fl\u00f6he, etc. (kein Gift im Fell sondern eine Tablette), er kann also beruhigt gestreichelt werden \ud83d\ude42                                                                                    <\/p>\n\n\n\n<div class=\"wp-block-image\"><figure class=\"aligncenter is-resized\"><img decoding=\"async\" loading=\"lazy\" src=\"http:\/\/ross-psychotherapie.de\/wp-content\/uploads\/2019\/08\/IMG_1312-1.jpg\" alt=\"\" class=\"wp-image-350\" width=\"418\" height=\"314\" srcset=\"https:\/\/ross-psychotherapie.de\/wp-content\/uploads\/2019\/08\/IMG_1312-1.jpg 640w, https:\/\/ross-psychotherapie.de\/wp-content\/uploads\/2019\/08\/IMG_1312-1-300x225.jpg 300w\" sizes=\"(max-width: 418px) 100vw, 418px\" \/><figcaption>Ricky<\/figcaption><\/figure><\/div>\n","protected":false},"excerpt":{"rendered":"<p>Die Therapien finden in der Praxis am Augsburger K\u00f6nigsplatz \u00fcber der Ihle B\u00e4ckerei statt und ist gut \u00fcber die \u00f6ffentlichen Verkehrsmittel zu erreichen. Die freundlichen Therapier\u00e4ume schaffen eine angenehme Atmosph\u00e4re und sind eine gute Grundlage f\u00fcr das Gelingen der Psychotherapie. Praxishund Ricky In Absprache mit den Patienten bringe ich meinen Hund Ricky mit in die &hellip; <\/p>\n<p class=\"link-more\"><a href=\"https:\/\/ross-psychotherapie.de\/?page_id=93\" class=\"more-link\"><span class=\"screen-reader-text\">\u201eDie Praxis\u201c<\/span> weiterlesen<\/a><\/p>\n","protected":false},"author":1,"featured_media":0,"parent":0,"menu_order":0,"comment_status":"closed","ping_status":"closed","template":"","meta":[],"_links":{"self":[{"href":"https:\/\/ross-psychotherapie.de\/index.php?rest_route=\/wp\/v2\/pages\/93"}],"collection":[{"href":"https:\/\/ross-psychotherapie.de\/index.php?rest_route=\/wp\/v2\/pages"}],"about":[{"href":"https:\/\/ross-psychotherapie.de\/index.php?rest_route=\/wp\/v2\/types\/page"}],"author":[{"embeddable":true,"href":"https:\/\/ross-psychotherapie.de\/index.php?rest_route=\/wp\/v2\/users\/1"}],"replies":[{"embeddable":true,"href":"https:\/\/ross-psychotherapie.de\/index.php?rest_route=%2Fwp%2Fv2%2Fcomments&post=93"}],"version-history":[{"count":21,"href":"https:\/\/ross-psychotherapie.de\/index.php?rest_route=\/wp\/v2\/pages\/93\/revisions"}],"predecessor-version":[{"id":392,"href":"https:\/\/ross-psychotherapie.de\/index.php?rest_route=\/wp\/v2\/pages\/93\/revisions\/392"}],"wp:attachment":[{"href":"https:\/\/ross-psychotherapie.de\/index.php?rest_route=%2Fwp%2Fv2%2Fmedia&parent=93"}],"curies":[{"name":"wp","href":"https:\/\/api.w.org\/{rel}","templated":true}]}}